{"id":5691,"date":"2025-02-07T16:50:08","date_gmt":"2025-02-07T22:50:08","guid":{"rendered":"https:\/\/www.demisiones.net\/tienda\/?post_type=product&#038;p=5691"},"modified":"2026-03-28T02:15:29","modified_gmt":"2026-03-28T08:15:29","slug":"cuota-de-juventud-masculina-sin-kit","status":"publish","type":"product","link":"https:\/\/www.demisiones.net\/tienda\/producto\/cuota-de-juventud-masculina-sin-kit\/","title":{"rendered":"Cuota de Juventud Masculina"},"content":{"rendered":"<p>Cuota de participaci\u00f3n para la Megamisi\u00f3n.<\/p>\n<p>Con la compra de este kit apoyas a la creaci\u00f3n de todo el material promocional y de capacitaci\u00f3n, servicios del sitio de Internet (www.demisiones.org), materiales para responsables y misioneros y asesor\u00eda continua por parte de la Oficina Central de Misiones. De la misma manera, tu cuota incluye el seguro m\u00e9dico contra accidentes, plan de emergencia (servicio de respuesta r\u00e1pida para atender contingencias mayores).<\/p>\n<p>Si compras el kit ya no tienes que pagar la cuota.<\/p>\n","protected":false},"excerpt":{"rendered":"<p>Cuota de participaci\u00f3n para la Megamisi\u00f3n. Con la compra de este kit apoyas a la creaci\u00f3n de todo el material promocional y de capacitaci\u00f3n, servicios del sitio de Internet (www.demisiones.org), materiales para responsables y misioneros y asesor\u00eda continua por parte de la Oficina Central de Misiones. De la misma manera, tu cuota incluye el seguro [&hellip;]<\/p>\n","protected":false},"featured_media":5715,"comment_status":"open","ping_status":"closed","template":"","meta":{"_uag_custom_page_level_css":"","site-sidebar-layout":"default","site-content-layout":"","ast-site-content-layout":"default","site-content-style":"default","site-sidebar-style":"default","ast-global-header-display":"","ast-banner-title-visibility":"","ast-main-header-display":"","ast-hfb-above-header-display":"","ast-hfb-below-header-display":"","ast-hfb-mobile-header-display":"","site-post-title":"","ast-breadcrumbs-content":"","ast-featured-img":"","footer-sml-layout":"","theme-transparent-header-meta":"default","adv-header-id-meta":"","stick-header-meta":"","header-above-stick-meta":"","header-main-stick-meta":"","header-below-stick-meta":"","astra-migrate-meta-layouts":"set","ast-page-background-enabled":"default","ast-page-background-meta":{"desktop":{"background-color":"","background-image":"","background-repeat":"repeat","background-position":"center center","background-size":"auto","background-attachment":"scroll","background-type":"","background-media":"","overlay-type":"","overlay-color":"","overlay-opacity":"","overlay-gradient":""},"tablet":{"background-color":"","background-image":"","background-repeat":"repeat","background-position":"center center","background-size":"auto","background-attachment":"scroll","background-type":"","background-media":"","overlay-type":"","overlay-color":"","overlay-opacity":"","overlay-gradient":""},"mobile":{"background-color":"","background-image":"","background-repeat":"repeat","background-position":"center center","background-size":"auto","background-attachment":"scroll","background-type":"","background-media":"","overlay-type":"","overlay-color":"","overlay-opacity":"","overlay-gradient":""}},"ast-content-background-meta":{"desktop":{"background-color":"var(--ast-global-color-5)","background-image":"","background-repeat":"repeat","background-position":"center center","background-size":"auto","background-attachment":"scroll","background-type":"","background-media":"","overlay-type":"","overlay-color":"","overlay-opacity":"","overlay-gradient":""},"tablet":{"background-color":"var(--ast-global-color-5)","background-image":"","background-repeat":"repeat","background-position":"center center","background-size":"auto","background-attachment":"scroll","background-type":"","background-media":"","overlay-type":"","overlay-color":"","overlay-opacity":"","overlay-gradient":""},"mobile":{"background-color":"var(--ast-global-color-5)","background-image":"","background-repeat":"repeat","background-position":"center center","background-size":"auto","background-attachment":"scroll","background-type":"","background-media":"","overlay-type":"","overlay-color":"","overlay-opacity":"","overlay-gradient":""}}},"product_brand":[],"product_cat":[23],"product_tag":[],"class_list":{"0":"post-5691","1":"product","2":"type-product","3":"status-publish","4":"has-post-thumbnail","6":"product_cat-cuotas","7":"desktop-align-center","8":"tablet-align-center","9":"mobile-align-center","11":"first","12":"instock","13":"virtual","14":"purchasable","15":"product-type-simple"},"uagb_featured_image_src":{"full":["https:\/\/www.demisiones.net\/tienda\/wp-content\/uploads\/2025\/02\/4.png",1080,1080,false],"thumbnail":["https:\/\/www.demisiones.net\/tienda\/wp-content\/uploads\/2025\/02\/4-150x150.png",150,150,true],"medium":["https:\/\/www.demisiones.net\/tienda\/wp-content\/uploads\/2025\/02\/4-300x300.png",300,300,true],"medium_large":["https:\/\/www.demisiones.net\/tienda\/wp-content\/uploads\/2025\/02\/4-768x768.png",768,768,true],"large":["https:\/\/www.demisiones.net\/tienda\/wp-content\/uploads\/2025\/02\/4-1024x1024.png",1024,1024,true],"1536x1536":["https:\/\/www.demisiones.net\/tienda\/wp-content\/uploads\/2025\/02\/4.png",1080,1080,false],"2048x2048":["https:\/\/www.demisiones.net\/tienda\/wp-content\/uploads\/2025\/02\/4.png",1080,1080,false],"woocommerce_thumbnail":["https:\/\/www.demisiones.net\/tienda\/wp-content\/uploads\/2025\/02\/4-300x300.png",300,300,true],"woocommerce_single":["https:\/\/www.demisiones.net\/tienda\/wp-content\/uploads\/2025\/02\/4-600x600.png",600,600,true],"woocommerce_gallery_thumbnail":["https:\/\/www.demisiones.net\/tienda\/wp-content\/uploads\/2025\/02\/4-100x100.png",100,100,true]},"uagb_author_info":{"display_name":"Miguel Angel Garcia","author_link":"https:\/\/www.demisiones.net\/tienda\/author\/"},"uagb_comment_info":0,"uagb_excerpt":"Cuota de participaci\u00f3n para la Megamisi\u00f3n. Con la compra de este kit apoyas a la creaci\u00f3n de todo el material promocional y de capacitaci\u00f3n, servicios del sitio de Internet (www.demisiones.org), materiales para responsables y misioneros y asesor\u00eda continua por parte de la Oficina Central de Misiones. De la misma manera, tu cuota incluye el seguro&hellip;","_links":{"self":[{"href":"https:\/\/www.demisiones.net\/tienda\/wp-json\/wp\/v2\/product\/5691","targetHints":{"allow":["GET"]}}],"collection":[{"href":"https:\/\/www.demisiones.net\/tienda\/wp-json\/wp\/v2\/product"}],"about":[{"href":"https:\/\/www.demisiones.net\/tienda\/wp-json\/wp\/v2\/types\/product"}],"replies":[{"embeddable":true,"href":"https:\/\/www.demisiones.net\/tienda\/wp-json\/wp\/v2\/comments?post=5691"}],"wp:featuredmedia":[{"embeddable":true,"href":"https:\/\/www.demisiones.net\/tienda\/wp-json\/wp\/v2\/media\/5715"}],"wp:attachment":[{"href":"https:\/\/www.demisiones.net\/tienda\/wp-json\/wp\/v2\/media?parent=5691"}],"wp:term":[{"taxonomy":"product_brand","embeddable":true,"href":"https:\/\/www.demisiones.net\/tienda\/wp-json\/wp\/v2\/product_brand?post=5691"},{"taxonomy":"product_cat","embeddable":true,"href":"https:\/\/www.demisiones.net\/tienda\/wp-json\/wp\/v2\/product_cat?post=5691"},{"taxonomy":"product_tag","embeddable":true,"href":"https:\/\/www.demisiones.net\/tienda\/wp-json\/wp\/v2\/product_tag?post=5691"}],"curies":[{"name":"wp","href":"https:\/\/api.w.org\/{rel}","templated":true}]}}